{"id":5299,"date":"2025-12-02T08:17:38","date_gmt":"2025-12-02T08:17:38","guid":{"rendered":"https:\/\/sevensavenue.com\/?post_type=product&#038;p=5299"},"modified":"2025-12-02T08:19:18","modified_gmt":"2025-12-02T08:19:18","slug":"garcon-manque-by-givenchy","status":"publish","type":"product","link":"https:\/\/sevensavenue.com\/ar\/product\/garcon-manque-by-givenchy\/","title":{"rendered":"Garcon Manqu\u00e9 by Givenchy"},"content":{"rendered":"<p><b>Gar\u00e7on Manqu\u00e9<\/b><span><span class=\"Apple-converted-space\">&nbsp;<\/span><\/span><span>by<\/span><span><span class=\"Apple-converted-space\">&nbsp;<\/span><\/span><b>Givenchy<\/b><span><span class=\"Apple-converted-space\">&nbsp;<\/span><\/span><span>is a Leather fragrance for women and men.<\/span><span><span class=\"Apple-converted-space\">&nbsp;<\/span><\/span><b>Gar\u00e7on Manqu\u00e9<\/b><span><span class=\"Apple-converted-space\">&nbsp;<\/span><\/span><span>was launched in 2020.<\/span><\/p>\n<p>Available in Decant vial.<\/p>","protected":false},"excerpt":{"rendered":"<p>Gar\u00e7on Manqu\u00e9&nbsp;by&nbsp;Givenchy&nbsp;is a Leather fragrance for women and men.&nbsp;Gar\u00e7on Manqu\u00e9&nbsp;was launched in 2020. Available in Decant vial.<\/p>","protected":false},"featured_media":5298,"comment_status":"open","ping_status":"closed","template":"","meta":[],"product_brand":[],"product_cat":[62],"product_tag":[],"class_list":{"0":"post-5299","1":"product","2":"type-product","3":"status-publish","4":"has-post-thumbnail","6":"product_cat-unisex","8":"first","9":"instock","10":"shipping-taxable","11":"purchasable","12":"product-type-variable"},"jetpack_sharing_enabled":true,"_links":{"self":[{"href":"https:\/\/sevensavenue.com\/ar\/wp-json\/wp\/v2\/product\/5299","targetHints":{"allow":["GET"]}}],"collection":[{"href":"https:\/\/sevensavenue.com\/ar\/wp-json\/wp\/v2\/product"}],"about":[{"href":"https:\/\/sevensavenue.com\/ar\/wp-json\/wp\/v2\/types\/product"}],"replies":[{"embeddable":true,"href":"https:\/\/sevensavenue.com\/ar\/wp-json\/wp\/v2\/comments?post=5299"}],"wp:featuredmedia":[{"embeddable":true,"href":"https:\/\/sevensavenue.com\/ar\/wp-json\/wp\/v2\/media\/5298"}],"wp:attachment":[{"href":"https:\/\/sevensavenue.com\/ar\/wp-json\/wp\/v2\/media?parent=5299"}],"wp:term":[{"taxonomy":"product_brand","embeddable":true,"href":"https:\/\/sevensavenue.com\/ar\/wp-json\/wp\/v2\/product_brand?post=5299"},{"taxonomy":"product_cat","embeddable":true,"href":"https:\/\/sevensavenue.com\/ar\/wp-json\/wp\/v2\/product_cat?post=5299"},{"taxonomy":"product_tag","embeddable":true,"href":"https:\/\/sevensavenue.com\/ar\/wp-json\/wp\/v2\/product_tag?post=5299"}],"curies":[{"name":"wp","href":"https:\/\/api.w.org\/{rel}","templated":true}]}}